{"id":2256,"date":"2025-11-18T18:28:34","date_gmt":"2025-11-18T17:28:34","guid":{"rendered":"https:\/\/alexandershevchuk.eu\/?page_id=2256"},"modified":"2025-11-18T18:28:34","modified_gmt":"2025-11-18T17:28:34","slug":"conditions-generales-de-vente","status":"publish","type":"page","link":"https:\/\/alexandershevchuk.eu\/en\/conditions-generales-de-vente\/","title":{"rendered":"Conditions g\u00e9n\u00e9rales de vente"},"content":{"rendered":"<h2 class=\"wp-block-heading has-medium-font-size\">1 &#8211; Conclusion du contrat<\/h2>\n\n\n\n<p>Toute commande de produits implique l&rsquo;adh\u00e9sion sans r\u00e9serve aux pr\u00e9sentes conditions g\u00e9n\u00e9rales de vente, compl\u00e9t\u00e9es ou am\u00e9nag\u00e9es par nos conditions particuli\u00e8res,qui annulent toute clause contraire pouvant figurer dans les conditions d&rsquo;achat, bons de commande, ou autres documents commerciaux.<\/p>\n\n\n\n<h2 class=\"wp-block-heading has-medium-font-size\">2 &#8211; Prix<\/h2>\n\n\n\n<p><br>Les tableaux sont factur\u00e9es au tarif en vigueur au jour de la passation de la commande, et visibles sur le site Internet<br>Les prix peuvent \u00eatre r\u00e9vis\u00e9s sous r\u00e9serve d&rsquo;une information pr\u00e9alable de 30 jours.<br><br>3 &#8211; Livraison<\/p>\n\n\n\n<p>La livraison est effectu\u00e9e soit par la remise directe du produit \u00e0 l&rsquo;acqu\u00e9reur,  soit par d\u00e9livrance par voie postale (lettre suivie). Les tableaux sont prot\u00e9g\u00e9s par papier bulle ou tout empaquetage assurant efficacement leur protection<br>La v\u00e9rification des marchandises par l&rsquo;acheteur doit \u00eatre effectu\u00e9e au moment de leur prise en charge.<br>En cas d&rsquo;avarie ou de manquant, de r\u00e9clamations sur les vices apparents ou sur la non-conformit\u00e9 du produit livr\u00e9, l&rsquo;acheteur \u00e9mettra des r\u00e9serves claires et pr\u00e9cises qu&rsquo;il notifiera dans un d\u00e9lai de trois jours apr\u00e8s r\u00e9ception du tableau, suivant la<br>date de livraison par \u00e9crit aupr\u00e8s du vendeur ou du transporteur. Il appartiendra \u00e0 l&rsquo;acheteur de fournir toute justification quant \u00e0 la r\u00e9alit\u00e9 des anomalies constat\u00e9es.<\/p>\n\n\n\n<h2 class=\"wp-block-heading has-medium-font-size\">4 &#8211; D\u00e9lais de livraison<\/h2>\n\n\n\n<p>Les tableaux sont exp\u00e9di\u00e9s dans les 3 jours suivant leur achat sur le site . S&rsquo;ils sont remis en mains propres, la date sera fix\u00e9e librement entre l&rsquo;acheteur et Alexander Shevchuk<\/p>\n\n\n\n<h2 class=\"wp-block-heading has-medium-font-size\"><br>5 &#8211; Retours<\/h2>\n\n\n\n<p><br>Tout retour de produit doit faire l&rsquo;objet d&rsquo;un accord formel entre le vendeur et l&rsquo;acqu\u00e9reur.<\/p>\n\n\n\n<h2 class=\"wp-block-heading has-medium-font-size\">6 -Garantie<\/h2>\n\n\n\n<p><br>Le vendeur apportera le plus grand soin \u00e0 l&rsquo;ex\u00e9cution de la commande et \u00e0 la qualit\u00e9 des produits. En cas de d\u00e9fectuosit\u00e9 reconnue par le vendeur, l&rsquo;obligation de ce dernier sera limit\u00e9e au remplacement ou au remboursement des quantit\u00e9s d\u00e9fectueuses, sans autre indemnit\u00e9. Sont exclus de la garantie les d\u00e9fauts et dommages r\u00e9sultant d&rsquo;un stockage, de manutention, de transport ou d&rsquo;utilisation dans des conditions anormales ou non conformes avec la nature du produit.<\/p>","protected":false},"excerpt":{"rendered":"<p>1 &#8211; Conclusion du contrat Toute commande de produits implique l&rsquo;adh\u00e9sion sans r\u00e9serve aux pr\u00e9sentes conditions g\u00e9n\u00e9rales de vente, compl\u00e9t\u00e9es ou am\u00e9nag\u00e9es par nos conditions particuli\u00e8res,qui annulent toute clause contraire pouvant figurer dans les conditions d&rsquo;achat, bons de commande, ou autres documents commerciaux. 2 &#8211; Prix Les tableaux sont factur\u00e9es au tarif en vigueur au [&hellip;]<\/p>\n","protected":false},"author":1,"featured_media":0,"parent":0,"menu_order":0,"comment_status":"closed","ping_status":"closed","template":"","meta":{"_vp_format_video_url":"","_vp_image_focal_point":[],"footnotes":""},"class_list":["post-2256","page","type-page","status-publish","hentry"],"blocksy_meta":[],"_links":{"self":[{"href":"https:\/\/alexandershevchuk.eu\/en\/wp-json\/wp\/v2\/pages\/2256","targetHints":{"allow":["GET"]}}],"collection":[{"href":"https:\/\/alexandershevchuk.eu\/en\/wp-json\/wp\/v2\/pages"}],"about":[{"href":"https:\/\/alexandershevchuk.eu\/en\/wp-json\/wp\/v2\/types\/page"}],"author":[{"embeddable":true,"href":"https:\/\/alexandershevchuk.eu\/en\/wp-json\/wp\/v2\/users\/1"}],"replies":[{"embeddable":true,"href":"https:\/\/alexandershevchuk.eu\/en\/wp-json\/wp\/v2\/comments?post=2256"}],"version-history":[{"count":0,"href":"https:\/\/alexandershevchuk.eu\/en\/wp-json\/wp\/v2\/pages\/2256\/revisions"}],"wp:attachment":[{"href":"https:\/\/alexandershevchuk.eu\/en\/wp-json\/wp\/v2\/media?parent=2256"}],"curies":[{"name":"wp","href":"https:\/\/api.w.org\/{rel}","templated":true}]}}