{"id":2239,"date":"2025-11-18T17:49:36","date_gmt":"2025-11-18T16:49:36","guid":{"rendered":"https:\/\/alexandershevchuk.eu\/?page_id=2239"},"modified":"2026-03-27T19:33:27","modified_gmt":"2026-03-27T18:33:27","slug":"mentions-legales","status":"publish","type":"page","link":"https:\/\/alexandershevchuk.eu\/en\/mentions-legales\/","title":{"rendered":"Mentions l\u00e9gales"},"content":{"rendered":"<p>Merci de lire avec attention les diff\u00e9rentes modalit\u00e9s d\u2019utilisation du pr\u00e9sent site avant d\u2019y parcourir ses pages. En vous connectant sur ce site, vous acceptez, sans r\u00e9serves, les pr\u00e9sentes modalit\u00e9s.<\/p>\n\n\n\n<p>Aussi, conform\u00e9ment \u00e0 l\u2019article n\u00b06 de la Loi n\u00b02004-575 du 21 Juin 2004 pour la confiance dans l\u2019\u00e9conomie num\u00e9rique, les responsables du pr\u00e9sent site internet  sont : Alexander Shevchuk et <a href=\"https:\/\/www.vie-digitale.com\" target=\"_blank\" data-type=\"link\" data-id=\"https:\/\/www.vie-digitale.com\" rel=\"noreferrer noopener\">C\u00e9cile Gendre<\/a><\/p>\n\n\n\n<h3 class=\"wp-block-heading\" id=\"editeur-du-site\">\u00c9diteur du site<\/h3>\n\n\n\n<p>Alexander Shevchuk, artiste-peintre<\/p>\n\n\n\n<p>Num\u00e9ro de SIREN : 920714847<\/p>\n\n\n\n<p>Responsable \u00e9ditorial : Alexander Shevchuk<\/p>\n\n\n\n<p>T\u00e9l\u00e9phone : <a href=\"tel:+380663588662\" data-type=\"tel\" data-id=\"tel:+380663588662\">+38 066 358 86 62<\/a><\/p>\n\n\n\n<p>Email : <a href=\"mailto:contact@alexandershevchuk.eu\">contact@alexandershevchuk.eu<\/a><\/p>\n\n\n\n<p>Site web : alexandershevchuk.eu<\/p>\n\n\n\n<h3 class=\"wp-block-heading\" id=\"hebergement\">H\u00e9bergement<\/h3>\n\n\n\n<p>H\u00e9bergeur : o2switch<br>Siret : 510 909 807 00032<br>RCS Clermont Ferrand<\/p>\n\n\n\n<h3 class=\"wp-block-heading\" id=\"developpement\">D\u00e9veloppement<\/h3>\n\n\n\n<p>C\u00e9cile Gendre \u2013 <a href=\"https:\/\/www.vie-digitale.com\/\" target=\"_blank\" rel=\"noreferrer noopener\">www.vie-digitale.com<\/a><\/p>\n\n\n\n<h3 class=\"wp-block-heading\" id=\"conditions-dutilisation\">Conditions d\u2019utilisation<\/h3>\n\n\n\n<p>Ce site est propos\u00e9 en diff\u00e9rents langages web (HTML, HTML5, Javascript, CSS, PHP etc\u2026) pour un meilleur confort d\u2019utilisation et un graphisme plus agr\u00e9able.<\/p>\n\n\n\n<p>Nous vous recommandons de recourir \u00e0 des navigateurs modernes comme Safari, Firefox, Google Chrome, etc\u2026<\/p>\n\n\n\n<p>Alexander Shevchuk&nbsp;met en \u0153uvre tous les moyens dont il dispose, pour assurer une information fiable et une mise \u00e0 jour fiable de ses sites internet. Toutefois, des erreurs ou omissions peuvent survenir.<\/p>\n\n\n\n<p>L\u2019internaute devra donc s\u2019assurer de l\u2019exactitude des informations aupr\u00e8s de Alexander Shevchuk et signaler toutes modifications du site qu\u2019il jugerait utile.&nbsp; AS n\u2019est en aucun cas responsable de l\u2019utilisation faite de ces informations, et de tout pr\u00e9judice direct ou indirect pouvant en d\u00e9couler.<\/p>\n\n\n\n<h3 class=\"wp-block-heading\" id=\"cookies\">Cookies<\/h3>\n\n\n\n<p>Le sitepeut-\u00eatre amen\u00e9 \u00e0 vous demander l\u2019acceptation des cookies pour des besoins d\u2019affichage. Un cookie est une information d\u00e9pos\u00e9e sur votre disque dur par le serveur du site que vous visitez.<\/p>\n\n\n\n<p>Il contient plusieurs donn\u00e9es qui sont stock\u00e9es sur votre ordinateur dans un simple fichier texte auquel un serveur acc\u00e8de pour lire et enregistrer des informations. Certaines parties de ce site ne peuvent \u00eatre fonctionnelles sans l\u2019acceptation de cookies.<\/p>\n\n\n\n<h3 class=\"wp-block-heading\" id=\"liens-hypertextes\">Liens hypertextes<\/h3>\n\n\n\n<p>Les sites internet peuvent offrir des liens vers d\u2019autres sites internet ou d\u2019autres ressources disponibles sur Internet. Alexander Shevchuk ne dispose d\u2019aucun moyen pour contr\u00f4ler les sites en connexion avec ses sites internet.<\/p>\n\n\n\n<p>Il ne r\u00e9pond pas de la disponibilit\u00e9 de tels sites et sources externes, ni ne la garantit. Il ne peut \u00eatre tenue pour responsable de tout dommage, de quelque nature que ce soit, r\u00e9sultant du contenu de ces sites ou sources externes, et notamment des informations, produits ou services qu\u2019ils proposent, ou de tout usage qui peut \u00eatre fait de ces \u00e9l\u00e9ments.<\/p>\n\n\n\n<p>Dans l\u2019hypoth\u00e8se o\u00f9 un utilisateur ou visiteur souhaiterait mettre en place un hyperlien en direction d\u2019un des sites internet de Alexander Shevchuk, il lui appartiendra d\u2019adresser un email accessible sur le site afin de formuler sa demande de mise en place d\u2019un hyperlien.<\/p>\n\n\n\n<p>Alexander se r\u00e9serve le droit d\u2019accepter ou de refuser un hyperlien sans avoir \u00e0 en justifier sa d\u00e9cision.<\/p>\n\n\n\n<h3 class=\"wp-block-heading\" id=\"services-fournis\">Services fournis<\/h3>\n\n\n\n<p>L\u2019ensemble des activit\u00e9s de la soci\u00e9t\u00e9 ainsi que ses informations sont pr\u00e9sent\u00e9s sur notre site.<\/p>\n\n\n\n<p>Alexander s\u2019efforce de fournir sur le site des informations aussi pr\u00e9cises que possible. Les renseignements figurant sur le site  ne sont pas exhaustifs et les photos non contractuelles.<\/p>\n\n\n\n<p>Ils sont donn\u00e9s sous r\u00e9serve de modifications ayant \u00e9t\u00e9 apport\u00e9es depuis leur mise en ligne. Par ailleurs, tous les informations indiqu\u00e9es sur le site sont donn\u00e9es \u00e0 titre indicatif, et sont susceptibles de changer ou d\u2019\u00e9voluer sans pr\u00e9avis.<\/p>\n\n\n\n<h3 class=\"wp-block-heading\" id=\"limitation-contractuelles-sur-les-donnees\">Limitation contractuelles sur les donn\u00e9es<\/h3>\n\n\n\n<p>Les informations contenues sur ce site sont aussi pr\u00e9cises que possible et le site est mis \u00e0 jour \u00e0 diff\u00e9rentes p\u00e9riodes de l\u2019ann\u00e9e, mais peut toutefois contenir des inexactitudes ou des omissions.<\/p>\n\n\n\n<p>Si vous constatez une lacune, erreur ou ce qui parait \u00eatre un dysfonctionnement, merci de bien vouloir le signaler par courriel, \u00e0 l\u2019adresse contact@alexandershevchuk.eu, en d\u00e9crivant le probl\u00e8me de la mani\u00e8re la plus pr\u00e9cise possible (page posant probl\u00e8me, type d\u2019ordinateur et de navigateur utilis\u00e9\u2026).<\/p>\n\n\n\n<p>De plus, l\u2019utilisateur du site s\u2019engage \u00e0 acc\u00e9der au site en utilisant un mat\u00e9riel r\u00e9cent, ne contenant pas de virus et avec un navigateur de derni\u00e8re g\u00e9n\u00e9ration mis-\u00e0-jour.<\/p>\n\n\n\n<p>Les liens hypertextes mis en place dans le cadre du pr\u00e9sent site internet en direction d\u2019autres ressources pr\u00e9sentes sur le r\u00e9seau Internet ne sauraient engager la responsabilit\u00e9 de Alexander Shevchuk.<\/p>\n\n\n\n<h3 class=\"wp-block-heading\" id=\"propriete-intellectuelle\">Propri\u00e9t\u00e9 intellectuelle<\/h3>\n\n\n\n<p>Tout le contenu du pr\u00e9sent site, incluant, de fa\u00e7on non limitative, les graphismes, images, textes, vid\u00e9os, animations, sons, logos, gifs et ic\u00f4nes ainsi que leur mise en forme sont la propri\u00e9t\u00e9 exclusive de la soci\u00e9t\u00e9 \u00e0 l\u2019exception des marques, logos ou contenus appartenant \u00e0 d\u2019autres soci\u00e9t\u00e9s partenaires ou auteurs.<\/p>\n\n\n\n<p>Toute reproduction, distribution, modification, adaptation, retransmission ou publication, m\u00eame partielle, de ces diff\u00e9rents \u00e9l\u00e9ments est strictement interdite sans l\u2019accord expr\u00e8s par \u00e9crit de Alexander Shevchuk. Cette repr\u00e9sentation ou reproduction, par quelque proc\u00e9d\u00e9 que ce soit, constitue une contrefa\u00e7on sanctionn\u00e9e par les articles L.335-2 et suivants du Code de la propri\u00e9t\u00e9 intellectuelle. Le non-respect de cette interdiction constitue une contrefa\u00e7on pouvant engager la responsabilit\u00e9 civile et p\u00e9nale du contrefacteur. En outre, les propri\u00e9taires des Contenus copi\u00e9s pourraient intenter une action en justice \u00e0 votre encontre.<\/p>\n\n\n\n<h3 class=\"wp-block-heading\" id=\"litiges\">Litiges<\/h3>\n\n\n\n<p>Les pr\u00e9sentes conditions du site  sont r\u00e9gies par les lois fran\u00e7aises et toute contestation ou litiges qui pourraient na\u00eetre de l\u2019interpr\u00e9tation ou de l\u2019ex\u00e9cution de celles-ci seront de la comp\u00e9tence exclusive des tribunaux dont d\u00e9pend le si\u00e8ge social de la soci\u00e9t\u00e9. La langue de r\u00e9f\u00e9rence, pour le r\u00e8glement de contentieux \u00e9ventuels, est le fran\u00e7ais.<\/p>\n\n\n\n<p><\/p>","protected":false},"excerpt":{"rendered":"<p>Merci de lire avec attention les diff\u00e9rentes modalit\u00e9s d\u2019utilisation du pr\u00e9sent site avant d\u2019y parcourir ses pages. En vous connectant sur ce site, vous acceptez, sans r\u00e9serves, les pr\u00e9sentes modalit\u00e9s. Aussi, conform\u00e9ment \u00e0 l\u2019article n\u00b06 de la Loi n\u00b02004-575 du 21 Juin 2004 pour la confiance dans l\u2019\u00e9conomie num\u00e9rique, les responsables du pr\u00e9sent site internet [&hellip;]<\/p>\n","protected":false},"author":1,"featured_media":0,"parent":0,"menu_order":0,"comment_status":"closed","ping_status":"closed","template":"","meta":{"_vp_format_video_url":"","_vp_image_focal_point":[],"footnotes":""},"class_list":["post-2239","page","type-page","status-publish","hentry"],"blocksy_meta":[],"_links":{"self":[{"href":"https:\/\/alexandershevchuk.eu\/en\/wp-json\/wp\/v2\/pages\/2239","targetHints":{"allow":["GET"]}}],"collection":[{"href":"https:\/\/alexandershevchuk.eu\/en\/wp-json\/wp\/v2\/pages"}],"about":[{"href":"https:\/\/alexandershevchuk.eu\/en\/wp-json\/wp\/v2\/types\/page"}],"author":[{"embeddable":true,"href":"https:\/\/alexandershevchuk.eu\/en\/wp-json\/wp\/v2\/users\/1"}],"replies":[{"embeddable":true,"href":"https:\/\/alexandershevchuk.eu\/en\/wp-json\/wp\/v2\/comments?post=2239"}],"version-history":[{"count":1,"href":"https:\/\/alexandershevchuk.eu\/en\/wp-json\/wp\/v2\/pages\/2239\/revisions"}],"predecessor-version":[{"id":2483,"href":"https:\/\/alexandershevchuk.eu\/en\/wp-json\/wp\/v2\/pages\/2239\/revisions\/2483"}],"wp:attachment":[{"href":"https:\/\/alexandershevchuk.eu\/en\/wp-json\/wp\/v2\/media?parent=2239"}],"curies":[{"name":"wp","href":"https:\/\/api.w.org\/{rel}","templated":true}]}}